{"id":482,"date":"2016-07-20T18:18:49","date_gmt":"2016-07-20T16:18:49","guid":{"rendered":"http:\/\/esponsorama.ad\/?page_id=482"},"modified":"2017-05-11T13:54:57","modified_gmt":"2017-05-11T11:54:57","slug":"esdeveniments","status":"publish","type":"page","link":"http:\/\/esponsorama.ad\/ca\/esdeveniments\/","title":{"rendered":"Esdeveniments"},"content":{"rendered":"<p>Esponsorama tamb\u00e9 est\u00e0 especialitzada en l&#8217;organitzaci\u00f3 d&#8217;esdeveniments al m\u00e9s alt nivell. Entre els m\u00e9s destacats hi ha Andorracing, un acte internacional que el 2016 va servir com a presentaci\u00f3 de l&#8217;equip Avintia Racing a Andorra i que va congregar convidats i premsa de tot el m\u00f3n. Amb les Ducati de MotoGP rodant per les pistes de Grandvalira o al centre d&#8217;Andorra la Vella, la posada en escena va ser espectacular.<\/p>\n<p>Andorra va ser l&#8217;escenari, a finals de novembre de l&#8217;any passat, del projecte de Esponsorama al Ral\u00b7li Dakar. Al Circuit d&#8217;Andorra, els seus pilots estrella, Joan &#8216;Nani&#8217; Roma (Toyota Overdrive) i Xevi Pons (Ford South Racing), van muntar en els seus cotxes de competici\u00f3 a la premsa i convidats. A la tarda van prendre els carrers del centre d&#8217;Andorra amb els seus vehicles, acostant un cop m\u00e9s la competici\u00f3 a la gent del Pa\u00eds. Tamb\u00e9 el pilot andorr\u00e0 de motos, Cristian Espanya, a qui Esponsorama tamb\u00e9 ha donat suport en la seva aventura en el ral\u00b7li m\u00e9s dur del m\u00f3n, va prendre part en tots els esdeveniments amb la seva KTM.<\/p>\n<p>En 2017 Esponsorama ha anat un pas m\u00e9s enll\u00e0 i ha fet una nova edici\u00f3 de Andorracing per presentar el seu nou projecte a MotoGP, el Reale Avintia Racing, que un any m\u00e9s ha comptat amb la presentaci\u00f3 m\u00e9s espectacular de la pretemporada. L&#8217;escenari triat en aquesta ocasi\u00f3 va ser el Circuit d&#8217;Andorra al Pas de la Casa, on premsa i convidats van poder gaudir de cursos de conducci\u00f3 sobre gel, fer una volta en un cotxe de les G-Series amb Nani Roma al volant o directament experimentar la conducci\u00f3 d&#8217;aquests especials vehicles de competici\u00f3 despr\u00e9s de rebre les intruccions d&#8217;un monitor.<\/p>\n<p>Per\u00f2 el plat fort de la presentaci\u00f3 va arribar per l&#8217;aire. Un helic\u00f2pter va ser l&#8217;encarregat de fer arribar fins als 2.500 metres d&#8217;altitud del Circuit d&#8217;Andorra la Ducati Desmosedici d&#8217;H\u00e9ctor Barber\u00e1 i Loris Baz, ja lluint els nous colors de Reale Avintia Racing. En el paper d&#8217;H\u00e9ctor Barber\u00e1, que va arribar lesionat a la presentaci\u00f3, el stunt oficial de Ducati Espanya, Emilio Zamora, va fer les del\u00edcies dels presents rodant amb una Ducati equipada amb rodes de claus per la pista gelada.<\/p>\n<p>La festa va acabar als carrers d&#8217;Andorra la Vella, on Barber\u00e1 i Baz van signar aut\u00f2grafs i es van fer fotos amb els aficionats andorrans, que m\u00e9s tard van poder gaudir d&#8217;una sortida al m\u00e9s pur estil MotoGP i les acrob\u00e0cies de Loris Baz i Emilio Zamora. I com a colof\u00f3 visita a l&#8217;World Champios Museum by 99, part de la col\u00b7lecci\u00f3 personal de l&#8217;tricampi\u00f3 del m\u00f3n de MotoGP Jorge Lorenzo, que exposa de manera permanent en col\u00b7laboraci\u00f3 amb Pyrenees.<\/p>\n<p>Per dur a terme aquestes espectaculars presentacions, Esponsorama va comptar amb el suport inestimable de Rub\u00e9n Xaus i la seva empresa ANDMove, Pyrenees, Grandvalira, Turisme d&#8217;Andorra la Vella, Any\u00f2s Park, Hotel Princesa Parc i Sport Hotels Resort &amp; Spa Soldeu. Aix\u00ed com el dels col\u00b7laboradors, Pic Negre i SGV.<\/p>\n<p>&nbsp;<\/p>\n<p><strong>VIDEO PRESENTACI\u00d3 REALE AVINTIA RACING<\/strong><\/p>\n<p>https:\/\/www.youtube.com\/watch?v=IAhkjJh8m5k<\/p>\n<p>&nbsp;<\/p>\n<p><strong>VIDEO ANDORRACING<\/strong><\/p>\n<p>https:\/\/www.youtube.com\/watch?v=P1Fj6AJR8NU<\/p>\n","protected":false},"excerpt":{"rendered":"<p>Esponsorama tamb\u00e9 est\u00e0 especialitzada en l&#8217;organitzaci\u00f3 d&#8217;esdeveniments al m\u00e9s alt nivell. Entre els m\u00e9s destacats hi ha Andorracing, un acte internacional que el 2016 va servir com a presentaci\u00f3 de l&#8217;equip Avintia Racing a Andorra i que va congregar convidats i premsa de tot el m\u00f3n. Amb les Ducati de MotoGP rodant per les pistes [&hellip;]<\/p>\n","protected":false},"author":6,"featured_media":1734,"parent":0,"menu_order":0,"comment_status":"closed","ping_status":"closed","template":"","meta":{"footnotes":""},"class_list":["post-482","page","type-page","status-publish","has-post-thumbnail","hentry"],"yoast_head":"<!-- This site is optimized with the Yoast SEO plugin v27.1.1 - https:\/\/yoast.com\/product\/yoast-seo-wordpress\/ -->\n<title>Esdeveniments - Esponsorama<\/title>\n<meta name=\"robots\" content=\"index, follow, max-snippet:-1, max-image-preview:large, max-video-preview:-1\" \/>\n<link rel=\"canonical\" href=\"http:\/\/esponsorama.ad\/ca\/esdeveniments\/\" \/>\n<meta property=\"og:locale\" content=\"en_US\" \/>\n<meta property=\"og:type\" content=\"article\" \/>\n<meta property=\"og:title\" content=\"Esdeveniments - Esponsorama\" \/>\n<meta property=\"og:description\" content=\"Esponsorama tamb\u00e9 est\u00e0 especialitzada en l&#8217;organitzaci\u00f3 d&#8217;esdeveniments al m\u00e9s alt nivell. Entre els m\u00e9s destacats hi ha Andorracing, un acte internacional que el 2016 va servir com a presentaci\u00f3 de l&#8217;equip Avintia Racing a Andorra i que va congregar convidats i premsa de tot el m\u00f3n. Amb les Ducati de MotoGP rodant per les pistes [&hellip;]\" \/>\n<meta property=\"og:url\" content=\"http:\/\/esponsorama.ad\/ca\/esdeveniments\/\" \/>\n<meta property=\"og:site_name\" content=\"Esponsorama\" \/>\n<meta property=\"article:modified_time\" content=\"2017-05-11T11:54:57+00:00\" \/>\n<meta property=\"og:image\" content=\"http:\/\/esponsorama.ad\/wp-content\/uploads\/2017\/03\/RealeAvintiaRcgMgp_2017_JOC0606-1024x683.jpg\" \/>\n\t<meta property=\"og:image:width\" content=\"1024\" \/>\n\t<meta property=\"og:image:height\" content=\"683\" \/>\n\t<meta property=\"og:image:type\" content=\"image\/jpeg\" \/>\n<meta name=\"twitter:card\" content=\"summary_large_image\" \/>\n<meta name=\"twitter:label1\" content=\"Est. reading time\" \/>\n\t<meta name=\"twitter:data1\" content=\"3 minutes\" \/>\n<script type=\"application\/ld+json\" class=\"yoast-schema-graph\">{\"@context\":\"https:\/\/schema.org\",\"@graph\":[{\"@type\":\"WebPage\",\"@id\":\"http:\/\/esponsorama.ad\/ca\/esdeveniments\/\",\"url\":\"http:\/\/esponsorama.ad\/ca\/esdeveniments\/\",\"name\":\"Esdeveniments - Esponsorama\",\"isPartOf\":{\"@id\":\"http:\/\/esponsorama.ad\/es\/#website\"},\"primaryImageOfPage\":{\"@id\":\"http:\/\/esponsorama.ad\/ca\/esdeveniments\/#primaryimage\"},\"image\":{\"@id\":\"http:\/\/esponsorama.ad\/ca\/esdeveniments\/#primaryimage\"},\"thumbnailUrl\":\"http:\/\/esponsorama.ad\/wp-content\/uploads\/2017\/03\/RealeAvintiaRcgMgp_2017_JOC0606.jpg\",\"datePublished\":\"2016-07-20T16:18:49+00:00\",\"dateModified\":\"2017-05-11T11:54:57+00:00\",\"breadcrumb\":{\"@id\":\"http:\/\/esponsorama.ad\/ca\/esdeveniments\/#breadcrumb\"},\"inLanguage\":\"ca-AD\",\"potentialAction\":[{\"@type\":\"ReadAction\",\"target\":[\"http:\/\/esponsorama.ad\/ca\/esdeveniments\/\"]}]},{\"@type\":\"ImageObject\",\"inLanguage\":\"ca-AD\",\"@id\":\"http:\/\/esponsorama.ad\/ca\/esdeveniments\/#primaryimage\",\"url\":\"http:\/\/esponsorama.ad\/wp-content\/uploads\/2017\/03\/RealeAvintiaRcgMgp_2017_JOC0606.jpg\",\"contentUrl\":\"http:\/\/esponsorama.ad\/wp-content\/uploads\/2017\/03\/RealeAvintiaRcgMgp_2017_JOC0606.jpg\",\"width\":5184,\"height\":3456,\"caption\":\"Presentaci\u00f3n ESPONSORAMA MotoGP 2017; Circuito de Andorra\"},{\"@type\":\"BreadcrumbList\",\"@id\":\"http:\/\/esponsorama.ad\/ca\/esdeveniments\/#breadcrumb\",\"itemListElement\":[{\"@type\":\"ListItem\",\"position\":1,\"name\":\"Home\",\"item\":\"http:\/\/esponsorama.ad\/en\/\"},{\"@type\":\"ListItem\",\"position\":2,\"name\":\"Esdeveniments\"}]},{\"@type\":\"WebSite\",\"@id\":\"http:\/\/esponsorama.ad\/es\/#website\",\"url\":\"http:\/\/esponsorama.ad\/es\/\",\"name\":\"Esponsorama\",\"description\":\"Specialist in motorsport sponsorship and event promotions\",\"potentialAction\":[{\"@type\":\"SearchAction\",\"target\":{\"@type\":\"EntryPoint\",\"urlTemplate\":\"http:\/\/esponsorama.ad\/es\/?s={search_term_string}\"},\"query-input\":{\"@type\":\"PropertyValueSpecification\",\"valueRequired\":true,\"valueName\":\"search_term_string\"}}],\"inLanguage\":\"ca-AD\"}]}<\/script>\n<!-- \/ Yoast SEO plugin. -->","yoast_head_json":{"title":"Esdeveniments - Esponsorama","robots":{"index":"index","follow":"follow","max-snippet":"max-snippet:-1","max-image-preview":"max-image-preview:large","max-video-preview":"max-video-preview:-1"},"canonical":"http:\/\/esponsorama.ad\/ca\/esdeveniments\/","og_locale":"en_US","og_type":"article","og_title":"Esdeveniments - Esponsorama","og_description":"Esponsorama tamb\u00e9 est\u00e0 especialitzada en l&#8217;organitzaci\u00f3 d&#8217;esdeveniments al m\u00e9s alt nivell. Entre els m\u00e9s destacats hi ha Andorracing, un acte internacional que el 2016 va servir com a presentaci\u00f3 de l&#8217;equip Avintia Racing a Andorra i que va congregar convidats i premsa de tot el m\u00f3n. Amb les Ducati de MotoGP rodant per les pistes [&hellip;]","og_url":"http:\/\/esponsorama.ad\/ca\/esdeveniments\/","og_site_name":"Esponsorama","article_modified_time":"2017-05-11T11:54:57+00:00","og_image":[{"width":1024,"height":683,"url":"http:\/\/esponsorama.ad\/wp-content\/uploads\/2017\/03\/RealeAvintiaRcgMgp_2017_JOC0606-1024x683.jpg","type":"image\/jpeg"}],"twitter_card":"summary_large_image","twitter_misc":{"Est. reading time":"3 minutes"},"schema":{"@context":"https:\/\/schema.org","@graph":[{"@type":"WebPage","@id":"http:\/\/esponsorama.ad\/ca\/esdeveniments\/","url":"http:\/\/esponsorama.ad\/ca\/esdeveniments\/","name":"Esdeveniments - Esponsorama","isPartOf":{"@id":"http:\/\/esponsorama.ad\/es\/#website"},"primaryImageOfPage":{"@id":"http:\/\/esponsorama.ad\/ca\/esdeveniments\/#primaryimage"},"image":{"@id":"http:\/\/esponsorama.ad\/ca\/esdeveniments\/#primaryimage"},"thumbnailUrl":"http:\/\/esponsorama.ad\/wp-content\/uploads\/2017\/03\/RealeAvintiaRcgMgp_2017_JOC0606.jpg","datePublished":"2016-07-20T16:18:49+00:00","dateModified":"2017-05-11T11:54:57+00:00","breadcrumb":{"@id":"http:\/\/esponsorama.ad\/ca\/esdeveniments\/#breadcrumb"},"inLanguage":"ca-AD","potentialAction":[{"@type":"ReadAction","target":["http:\/\/esponsorama.ad\/ca\/esdeveniments\/"]}]},{"@type":"ImageObject","inLanguage":"ca-AD","@id":"http:\/\/esponsorama.ad\/ca\/esdeveniments\/#primaryimage","url":"http:\/\/esponsorama.ad\/wp-content\/uploads\/2017\/03\/RealeAvintiaRcgMgp_2017_JOC0606.jpg","contentUrl":"http:\/\/esponsorama.ad\/wp-content\/uploads\/2017\/03\/RealeAvintiaRcgMgp_2017_JOC0606.jpg","width":5184,"height":3456,"caption":"Presentaci\u00f3n ESPONSORAMA MotoGP 2017; Circuito de Andorra"},{"@type":"BreadcrumbList","@id":"http:\/\/esponsorama.ad\/ca\/esdeveniments\/#breadcrumb","itemListElement":[{"@type":"ListItem","position":1,"name":"Home","item":"http:\/\/esponsorama.ad\/en\/"},{"@type":"ListItem","position":2,"name":"Esdeveniments"}]},{"@type":"WebSite","@id":"http:\/\/esponsorama.ad\/es\/#website","url":"http:\/\/esponsorama.ad\/es\/","name":"Esponsorama","description":"Specialist in motorsport sponsorship and event promotions","potentialAction":[{"@type":"SearchAction","target":{"@type":"EntryPoint","urlTemplate":"http:\/\/esponsorama.ad\/es\/?s={search_term_string}"},"query-input":{"@type":"PropertyValueSpecification","valueRequired":true,"valueName":"search_term_string"}}],"inLanguage":"ca-AD"}]}},"_links":{"self":[{"href":"http:\/\/esponsorama.ad\/ca\/wp-json\/wp\/v2\/pages\/482","targetHints":{"allow":["GET"]}}],"collection":[{"href":"http:\/\/esponsorama.ad\/ca\/wp-json\/wp\/v2\/pages"}],"about":[{"href":"http:\/\/esponsorama.ad\/ca\/wp-json\/wp\/v2\/types\/page"}],"author":[{"embeddable":true,"href":"http:\/\/esponsorama.ad\/ca\/wp-json\/wp\/v2\/users\/6"}],"replies":[{"embeddable":true,"href":"http:\/\/esponsorama.ad\/ca\/wp-json\/wp\/v2\/comments?post=482"}],"version-history":[{"count":0,"href":"http:\/\/esponsorama.ad\/ca\/wp-json\/wp\/v2\/pages\/482\/revisions"}],"wp:featuredmedia":[{"embeddable":true,"href":"http:\/\/esponsorama.ad\/ca\/wp-json\/wp\/v2\/media\/1734"}],"wp:attachment":[{"href":"http:\/\/esponsorama.ad\/ca\/wp-json\/wp\/v2\/media?parent=482"}],"curies":[{"name":"wp","href":"https:\/\/api.w.org\/{rel}","templated":true}]}}