{"id":8262,"date":"2018-03-08T15:22:37","date_gmt":"2018-03-08T13:22:37","guid":{"rendered":"http:\/\/esponsorama.ad\/?page_id=8262"},"modified":"2021-05-01T19:33:18","modified_gmt":"2021-05-01T17:33:18","slug":"moto3","status":"publish","type":"page","link":"http:\/\/esponsorama.ad\/ca\/motogp-ca\/moto3\/","title":{"rendered":"Moto3"},"content":{"rendered":"<p>El projecte \u00e9s posible gr\u00e0cies al suport dels patrocinadors, comen\u00e7ant per el Grupo Avintia, Pacha, Chateau D\u2019Ax, Cirsa, Air Europa, Remica, J.Juan, Galfer, Cetosa, BNFit, KPSport, Orona, Transantol\u00edn, Tecnelt i per descomptat, a tots els patrocinadors t\u00e8cnics de l\u2019equip.<\/p>\n<p>L&#8217;equip Avintia Racing del Campionat del M\u00f3n de MotoGP \u00e9s l&#8217;estrella d\u2019Esponsorama. L&#8217;estructura lluita aquesta temporada amb H\u00e9ctor Barber\u00e1 i Loris Baz per ser el millor equip privat de la graella. Gr\u00e0cies a l&#8217;acord entre Esponsorama i Ducati, Barber\u00e1 i Baz compten amb dues Desmosedici GP14.2 amb les que estan lluitant en cada Gran Premi per entrar al &#8220;Top 10&#8221;. En menys de dues temporades amb la casa de Borgo Panigale, Avintia Racing ha crescut com a equip i despr\u00e9s d&#8217;aconseguir el t\u00edtol de Campi\u00f3 del M\u00f3n Open amb l\u2019H\u00e9ctor Barber\u00e1 al 2015, aquesta temporada amb l&#8217;arribada de la centraleta i software \u00fanics, el pilot espanyol est\u00e0 aconseguint grans resultats.<\/p>\n","protected":false},"excerpt":{"rendered":"<p>El projecte \u00e9s posible gr\u00e0cies al suport dels patrocinadors, comen\u00e7ant per el Grupo Avintia, Pacha, Chateau D\u2019Ax, Cirsa, Air Europa, Remica, J.Juan, Galfer, Cetosa, BNFit, KPSport, Orona, Transantol\u00edn, Tecnelt i per descomptat, a tots els patrocinadors t\u00e8cnics de l\u2019equip. L&#8217;equip Avintia Racing del Campionat del M\u00f3n de MotoGP \u00e9s l&#8217;estrella d\u2019Esponsorama. L&#8217;estructura lluita aquesta temporada [&hellip;]<\/p>\n","protected":false},"author":6,"featured_media":1274,"parent":485,"menu_order":0,"comment_status":"closed","ping_status":"closed","template":"page-campeonato.php","meta":{"footnotes":""},"class_list":["post-8262","page","type-page","status-publish","has-post-thumbnail","hentry"],"yoast_head":"<!-- This site is optimized with the Yoast SEO plugin v27.1.1 - https:\/\/yoast.com\/product\/yoast-seo-wordpress\/ -->\n<title>Moto3 - Esponsorama<\/title>\n<meta name=\"robots\" content=\"index, follow, max-snippet:-1, max-image-preview:large, max-video-preview:-1\" \/>\n<link rel=\"canonical\" href=\"http:\/\/esponsorama.ad\/ca\/motogp-ca\/moto3\/\" \/>\n<meta property=\"og:locale\" content=\"en_US\" \/>\n<meta property=\"og:type\" content=\"article\" \/>\n<meta property=\"og:title\" content=\"Moto3 - Esponsorama\" \/>\n<meta property=\"og:description\" content=\"El projecte \u00e9s posible gr\u00e0cies al suport dels patrocinadors, comen\u00e7ant per el Grupo Avintia, Pacha, Chateau D\u2019Ax, Cirsa, Air Europa, Remica, J.Juan, Galfer, Cetosa, BNFit, KPSport, Orona, Transantol\u00edn, Tecnelt i per descomptat, a tots els patrocinadors t\u00e8cnics de l\u2019equip. L&#8217;equip Avintia Racing del Campionat del M\u00f3n de MotoGP \u00e9s l&#8217;estrella d\u2019Esponsorama. L&#8217;estructura lluita aquesta temporada [&hellip;]\" \/>\n<meta property=\"og:url\" content=\"http:\/\/esponsorama.ad\/ca\/motogp-ca\/moto3\/\" \/>\n<meta property=\"og:site_name\" content=\"Esponsorama\" \/>\n<meta property=\"article:modified_time\" content=\"2021-05-01T17:33:18+00:00\" \/>\n<meta property=\"og:image\" content=\"http:\/\/esponsorama.ad\/wp-content\/uploads\/2016\/05\/AX06609-1024x683.jpg\" \/>\n\t<meta property=\"og:image:width\" content=\"1024\" \/>\n\t<meta property=\"og:image:height\" content=\"683\" \/>\n\t<meta property=\"og:image:type\" content=\"image\/jpeg\" \/>\n<meta name=\"twitter:card\" content=\"summary_large_image\" \/>\n<meta name=\"twitter:label1\" content=\"Est. reading time\" \/>\n\t<meta name=\"twitter:data1\" content=\"1 minute\" \/>\n<script type=\"application\/ld+json\" class=\"yoast-schema-graph\">{\"@context\":\"https:\/\/schema.org\",\"@graph\":[{\"@type\":\"WebPage\",\"@id\":\"http:\/\/esponsorama.ad\/ca\/motogp-ca\/moto3\/\",\"url\":\"http:\/\/esponsorama.ad\/ca\/motogp-ca\/moto3\/\",\"name\":\"Moto3 - Esponsorama\",\"isPartOf\":{\"@id\":\"http:\/\/esponsorama.ad\/es\/#website\"},\"primaryImageOfPage\":{\"@id\":\"http:\/\/esponsorama.ad\/ca\/motogp-ca\/moto3\/#primaryimage\"},\"image\":{\"@id\":\"http:\/\/esponsorama.ad\/ca\/motogp-ca\/moto3\/#primaryimage\"},\"thumbnailUrl\":\"http:\/\/esponsorama.ad\/wp-content\/uploads\/2016\/05\/AX06609.jpg\",\"datePublished\":\"2018-03-08T13:22:37+00:00\",\"dateModified\":\"2021-05-01T17:33:18+00:00\",\"breadcrumb\":{\"@id\":\"http:\/\/esponsorama.ad\/ca\/motogp-ca\/moto3\/#breadcrumb\"},\"inLanguage\":\"ca-AD\",\"potentialAction\":[{\"@type\":\"ReadAction\",\"target\":[\"http:\/\/esponsorama.ad\/ca\/motogp-ca\/moto3\/\"]}]},{\"@type\":\"ImageObject\",\"inLanguage\":\"ca-AD\",\"@id\":\"http:\/\/esponsorama.ad\/ca\/motogp-ca\/moto3\/#primaryimage\",\"url\":\"http:\/\/esponsorama.ad\/wp-content\/uploads\/2016\/05\/AX06609.jpg\",\"contentUrl\":\"http:\/\/esponsorama.ad\/wp-content\/uploads\/2016\/05\/AX06609.jpg\",\"width\":5472,\"height\":3648},{\"@type\":\"BreadcrumbList\",\"@id\":\"http:\/\/esponsorama.ad\/ca\/motogp-ca\/moto3\/#breadcrumb\",\"itemListElement\":[{\"@type\":\"ListItem\",\"position\":1,\"name\":\"Home\",\"item\":\"http:\/\/esponsorama.ad\/ca\/\"},{\"@type\":\"ListItem\",\"position\":2,\"name\":\"MotoGP\",\"item\":\"http:\/\/esponsorama.ad\/ca\/motogp-ca\/\"},{\"@type\":\"ListItem\",\"position\":3,\"name\":\"Moto3\"}]},{\"@type\":\"WebSite\",\"@id\":\"http:\/\/esponsorama.ad\/es\/#website\",\"url\":\"http:\/\/esponsorama.ad\/es\/\",\"name\":\"Esponsorama\",\"description\":\"Specialist in motorsport sponsorship and event promotions\",\"potentialAction\":[{\"@type\":\"SearchAction\",\"target\":{\"@type\":\"EntryPoint\",\"urlTemplate\":\"http:\/\/esponsorama.ad\/es\/?s={search_term_string}\"},\"query-input\":{\"@type\":\"PropertyValueSpecification\",\"valueRequired\":true,\"valueName\":\"search_term_string\"}}],\"inLanguage\":\"ca-AD\"}]}<\/script>\n<!-- \/ Yoast SEO plugin. -->","yoast_head_json":{"title":"Moto3 - Esponsorama","robots":{"index":"index","follow":"follow","max-snippet":"max-snippet:-1","max-image-preview":"max-image-preview:large","max-video-preview":"max-video-preview:-1"},"canonical":"http:\/\/esponsorama.ad\/ca\/motogp-ca\/moto3\/","og_locale":"en_US","og_type":"article","og_title":"Moto3 - Esponsorama","og_description":"El projecte \u00e9s posible gr\u00e0cies al suport dels patrocinadors, comen\u00e7ant per el Grupo Avintia, Pacha, Chateau D\u2019Ax, Cirsa, Air Europa, Remica, J.Juan, Galfer, Cetosa, BNFit, KPSport, Orona, Transantol\u00edn, Tecnelt i per descomptat, a tots els patrocinadors t\u00e8cnics de l\u2019equip. L&#8217;equip Avintia Racing del Campionat del M\u00f3n de MotoGP \u00e9s l&#8217;estrella d\u2019Esponsorama. L&#8217;estructura lluita aquesta temporada [&hellip;]","og_url":"http:\/\/esponsorama.ad\/ca\/motogp-ca\/moto3\/","og_site_name":"Esponsorama","article_modified_time":"2021-05-01T17:33:18+00:00","og_image":[{"width":1024,"height":683,"url":"http:\/\/esponsorama.ad\/wp-content\/uploads\/2016\/05\/AX06609-1024x683.jpg","type":"image\/jpeg"}],"twitter_card":"summary_large_image","twitter_misc":{"Est. reading time":"1 minute"},"schema":{"@context":"https:\/\/schema.org","@graph":[{"@type":"WebPage","@id":"http:\/\/esponsorama.ad\/ca\/motogp-ca\/moto3\/","url":"http:\/\/esponsorama.ad\/ca\/motogp-ca\/moto3\/","name":"Moto3 - Esponsorama","isPartOf":{"@id":"http:\/\/esponsorama.ad\/es\/#website"},"primaryImageOfPage":{"@id":"http:\/\/esponsorama.ad\/ca\/motogp-ca\/moto3\/#primaryimage"},"image":{"@id":"http:\/\/esponsorama.ad\/ca\/motogp-ca\/moto3\/#primaryimage"},"thumbnailUrl":"http:\/\/esponsorama.ad\/wp-content\/uploads\/2016\/05\/AX06609.jpg","datePublished":"2018-03-08T13:22:37+00:00","dateModified":"2021-05-01T17:33:18+00:00","breadcrumb":{"@id":"http:\/\/esponsorama.ad\/ca\/motogp-ca\/moto3\/#breadcrumb"},"inLanguage":"ca-AD","potentialAction":[{"@type":"ReadAction","target":["http:\/\/esponsorama.ad\/ca\/motogp-ca\/moto3\/"]}]},{"@type":"ImageObject","inLanguage":"ca-AD","@id":"http:\/\/esponsorama.ad\/ca\/motogp-ca\/moto3\/#primaryimage","url":"http:\/\/esponsorama.ad\/wp-content\/uploads\/2016\/05\/AX06609.jpg","contentUrl":"http:\/\/esponsorama.ad\/wp-content\/uploads\/2016\/05\/AX06609.jpg","width":5472,"height":3648},{"@type":"BreadcrumbList","@id":"http:\/\/esponsorama.ad\/ca\/motogp-ca\/moto3\/#breadcrumb","itemListElement":[{"@type":"ListItem","position":1,"name":"Home","item":"http:\/\/esponsorama.ad\/ca\/"},{"@type":"ListItem","position":2,"name":"MotoGP","item":"http:\/\/esponsorama.ad\/ca\/motogp-ca\/"},{"@type":"ListItem","position":3,"name":"Moto3"}]},{"@type":"WebSite","@id":"http:\/\/esponsorama.ad\/es\/#website","url":"http:\/\/esponsorama.ad\/es\/","name":"Esponsorama","description":"Specialist in motorsport sponsorship and event promotions","potentialAction":[{"@type":"SearchAction","target":{"@type":"EntryPoint","urlTemplate":"http:\/\/esponsorama.ad\/es\/?s={search_term_string}"},"query-input":{"@type":"PropertyValueSpecification","valueRequired":true,"valueName":"search_term_string"}}],"inLanguage":"ca-AD"}]}},"_links":{"self":[{"href":"http:\/\/esponsorama.ad\/ca\/wp-json\/wp\/v2\/pages\/8262","targetHints":{"allow":["GET"]}}],"collection":[{"href":"http:\/\/esponsorama.ad\/ca\/wp-json\/wp\/v2\/pages"}],"about":[{"href":"http:\/\/esponsorama.ad\/ca\/wp-json\/wp\/v2\/types\/page"}],"author":[{"embeddable":true,"href":"http:\/\/esponsorama.ad\/ca\/wp-json\/wp\/v2\/users\/6"}],"replies":[{"embeddable":true,"href":"http:\/\/esponsorama.ad\/ca\/wp-json\/wp\/v2\/comments?post=8262"}],"version-history":[{"count":0,"href":"http:\/\/esponsorama.ad\/ca\/wp-json\/wp\/v2\/pages\/8262\/revisions"}],"up":[{"embeddable":true,"href":"http:\/\/esponsorama.ad\/ca\/wp-json\/wp\/v2\/pages\/485"}],"wp:featuredmedia":[{"embeddable":true,"href":"http:\/\/esponsorama.ad\/ca\/wp-json\/wp\/v2\/media\/1274"}],"wp:attachment":[{"href":"http:\/\/esponsorama.ad\/ca\/wp-json\/wp\/v2\/media?parent=8262"}],"curies":[{"name":"wp","href":"https:\/\/api.w.org\/{rel}","templated":true}]}}