{"id":858,"date":"2016-11-17T13:45:17","date_gmt":"2016-11-17T11:45:17","guid":{"rendered":"http:\/\/esponsorama.ad\/?page_id=858"},"modified":"2016-11-19T20:15:16","modified_gmt":"2016-11-19T18:15:16","slug":"raul-romero-ca","status":"publish","type":"page","link":"http:\/\/esponsorama.ad\/ca\/raul-romero-ca\/","title":{"rendered":"Ra\u00fal Romero"},"content":{"rendered":"<p>En Ra\u00fal Romero F\u00edguls va comen\u00e7ar com a pilot als campionats d&#8217;Espanya i Catalunya de motociclisme, per\u00f2 aviat va veure que l\u2019ho seu era m\u00e9s dirigir l&#8217;equip que pilotar la moto. A mitjans dels 90 va muntar el seu primer equip al campionat d&#8217;Espanya i el Catal\u00e0, a m\u00e9s de l&#8217;Europeu i les 24 Hores de Catalunya. Els \u00e8xits no van trigar a arribar, i despr\u00e9s de convertir-se en un dels equips de refer\u00e8ncia en el CEV, l&#8217;any 2000, l&#8217;equip BQR d\u2019en Ra\u00fal Romero va donar el salt al Campionat del M\u00f3n de Velocitat, encara que sempre compaginant-ho amb el CEV, l\u2019Europeu i les 24 Hores, on va aconseguir t\u00edtols i vict\u00f2ries. Per l&#8217;equip han passat molts pilots que despr\u00e9s s&#8217;han convertit en campions del m\u00f3n i d&#8217;altres que segueixen sent protaginistas al Mundial de MotoGP. \u00c1lvaro Bautista, Aleix Espargar\u00f3, Maverick Vi\u00f1ales, Efr\u00e9n V\u00e1zquez, Scott Redding, Stefan Bradl, Tito Rabat &#8230; I molts m\u00e9s pilots s&#8217;han criat als equips d\u2019en Ra\u00fal Romero.<\/p>\n<p>Despr\u00e9s de deixar la direcci\u00f3 de l&#8217;equip i passar a treballar com a assessor en l&#8217;equip Avintia Racing, aquesta temporada ha tornat a emprendre el projecte de MotoGP amb Esponsorama i els resultats no han pogut ser millors. L\u2019H\u00e9ctor Barber\u00e1 ha acabat el campionat 2016 en desena posici\u00f3 i l&#8217;any que ve lluitar\u00e0 per estar m\u00e9s amunt amb en Barber\u00e1 i en Baz.<\/p>\n<p>Per\u00f2 a m\u00e9s de MotoGP, en Romero ha est\u00e8s els seus projectes al Dakar amb Esponsorama. Despr\u00e9s d&#8217;un primer any de prova amb Ford i en Xevi Pons, aquesta temporada Esponsorama ser\u00e0 present un cop m\u00e9s amb en Pons i Ford, a m\u00e9s de comptar amb espais de patrocini als Toyota oficials de en Nani Roma i en Nasser Al-Atiyah.<\/p>\n","protected":false},"excerpt":{"rendered":"<p>En Ra\u00fal Romero F\u00edguls va comen\u00e7ar com a pilot als campionats d&#8217;Espanya i Catalunya de motociclisme, per\u00f2 aviat va veure que l\u2019ho seu era m\u00e9s dirigir l&#8217;equip que pilotar la moto. A mitjans dels 90 va muntar el seu primer equip al campionat d&#8217;Espanya i el Catal\u00e0, a m\u00e9s de l&#8217;Europeu i les 24 Hores [&hellip;]<\/p>\n","protected":false},"author":6,"featured_media":864,"parent":0,"menu_order":0,"comment_status":"closed","ping_status":"closed","template":"","meta":{"footnotes":""},"class_list":["post-858","page","type-page","status-publish","has-post-thumbnail","hentry"],"yoast_head":"<!-- This site is optimized with the Yoast SEO plugin v27.1.1 - https:\/\/yoast.com\/product\/yoast-seo-wordpress\/ -->\n<title>Ra\u00fal Romero - Esponsorama<\/title>\n<meta name=\"robots\" content=\"index, follow, max-snippet:-1, max-image-preview:large, max-video-preview:-1\" \/>\n<link rel=\"canonical\" href=\"http:\/\/esponsorama.ad\/ca\/raul-romero-ca\/\" \/>\n<meta property=\"og:locale\" content=\"en_US\" \/>\n<meta property=\"og:type\" content=\"article\" \/>\n<meta property=\"og:title\" content=\"Ra\u00fal Romero - Esponsorama\" \/>\n<meta property=\"og:description\" content=\"En Ra\u00fal Romero F\u00edguls va comen\u00e7ar com a pilot als campionats d&#8217;Espanya i Catalunya de motociclisme, per\u00f2 aviat va veure que l\u2019ho seu era m\u00e9s dirigir l&#8217;equip que pilotar la moto. A mitjans dels 90 va muntar el seu primer equip al campionat d&#8217;Espanya i el Catal\u00e0, a m\u00e9s de l&#8217;Europeu i les 24 Hores [&hellip;]\" \/>\n<meta property=\"og:url\" content=\"http:\/\/esponsorama.ad\/ca\/raul-romero-ca\/\" \/>\n<meta property=\"og:site_name\" content=\"Esponsorama\" \/>\n<meta property=\"article:modified_time\" content=\"2016-11-19T18:15:16+00:00\" \/>\n<meta property=\"og:image\" content=\"http:\/\/esponsorama.ad\/wp-content\/uploads\/2016\/11\/18_VALENCIA_TEST-8053-1024x683.jpg\" \/>\n\t<meta property=\"og:image:width\" content=\"1024\" \/>\n\t<meta property=\"og:image:height\" content=\"683\" \/>\n\t<meta property=\"og:image:type\" content=\"image\/jpeg\" \/>\n<meta name=\"twitter:card\" content=\"summary_large_image\" \/>\n<meta name=\"twitter:label1\" content=\"Est. reading time\" \/>\n\t<meta name=\"twitter:data1\" content=\"2 minutes\" \/>\n<script type=\"application\/ld+json\" class=\"yoast-schema-graph\">{\"@context\":\"https:\/\/schema.org\",\"@graph\":[{\"@type\":\"WebPage\",\"@id\":\"http:\/\/esponsorama.ad\/ca\/raul-romero-ca\/\",\"url\":\"http:\/\/esponsorama.ad\/ca\/raul-romero-ca\/\",\"name\":\"Ra\u00fal Romero - Esponsorama\",\"isPartOf\":{\"@id\":\"http:\/\/esponsorama.ad\/es\/#website\"},\"primaryImageOfPage\":{\"@id\":\"http:\/\/esponsorama.ad\/ca\/raul-romero-ca\/#primaryimage\"},\"image\":{\"@id\":\"http:\/\/esponsorama.ad\/ca\/raul-romero-ca\/#primaryimage\"},\"thumbnailUrl\":\"http:\/\/esponsorama.ad\/wp-content\/uploads\/2016\/11\/18_VALENCIA_TEST-8053.jpg\",\"datePublished\":\"2016-11-17T11:45:17+00:00\",\"dateModified\":\"2016-11-19T18:15:16+00:00\",\"breadcrumb\":{\"@id\":\"http:\/\/esponsorama.ad\/ca\/raul-romero-ca\/#breadcrumb\"},\"inLanguage\":\"ca-AD\",\"potentialAction\":[{\"@type\":\"ReadAction\",\"target\":[\"http:\/\/esponsorama.ad\/ca\/raul-romero-ca\/\"]}]},{\"@type\":\"ImageObject\",\"inLanguage\":\"ca-AD\",\"@id\":\"http:\/\/esponsorama.ad\/ca\/raul-romero-ca\/#primaryimage\",\"url\":\"http:\/\/esponsorama.ad\/wp-content\/uploads\/2016\/11\/18_VALENCIA_TEST-8053.jpg\",\"contentUrl\":\"http:\/\/esponsorama.ad\/wp-content\/uploads\/2016\/11\/18_VALENCIA_TEST-8053.jpg\",\"width\":4915,\"height\":3277},{\"@type\":\"BreadcrumbList\",\"@id\":\"http:\/\/esponsorama.ad\/ca\/raul-romero-ca\/#breadcrumb\",\"itemListElement\":[{\"@type\":\"ListItem\",\"position\":1,\"name\":\"Home\",\"item\":\"http:\/\/esponsorama.ad\/es\/\"},{\"@type\":\"ListItem\",\"position\":2,\"name\":\"Ra\u00fal Romero\"}]},{\"@type\":\"WebSite\",\"@id\":\"http:\/\/esponsorama.ad\/es\/#website\",\"url\":\"http:\/\/esponsorama.ad\/es\/\",\"name\":\"Esponsorama\",\"description\":\"Specialist in motorsport sponsorship and event promotions\",\"potentialAction\":[{\"@type\":\"SearchAction\",\"target\":{\"@type\":\"EntryPoint\",\"urlTemplate\":\"http:\/\/esponsorama.ad\/es\/?s={search_term_string}\"},\"query-input\":{\"@type\":\"PropertyValueSpecification\",\"valueRequired\":true,\"valueName\":\"search_term_string\"}}],\"inLanguage\":\"ca-AD\"}]}<\/script>\n<!-- \/ Yoast SEO plugin. -->","yoast_head_json":{"title":"Ra\u00fal Romero - Esponsorama","robots":{"index":"index","follow":"follow","max-snippet":"max-snippet:-1","max-image-preview":"max-image-preview:large","max-video-preview":"max-video-preview:-1"},"canonical":"http:\/\/esponsorama.ad\/ca\/raul-romero-ca\/","og_locale":"en_US","og_type":"article","og_title":"Ra\u00fal Romero - Esponsorama","og_description":"En Ra\u00fal Romero F\u00edguls va comen\u00e7ar com a pilot als campionats d&#8217;Espanya i Catalunya de motociclisme, per\u00f2 aviat va veure que l\u2019ho seu era m\u00e9s dirigir l&#8217;equip que pilotar la moto. A mitjans dels 90 va muntar el seu primer equip al campionat d&#8217;Espanya i el Catal\u00e0, a m\u00e9s de l&#8217;Europeu i les 24 Hores [&hellip;]","og_url":"http:\/\/esponsorama.ad\/ca\/raul-romero-ca\/","og_site_name":"Esponsorama","article_modified_time":"2016-11-19T18:15:16+00:00","og_image":[{"width":1024,"height":683,"url":"http:\/\/esponsorama.ad\/wp-content\/uploads\/2016\/11\/18_VALENCIA_TEST-8053-1024x683.jpg","type":"image\/jpeg"}],"twitter_card":"summary_large_image","twitter_misc":{"Est. reading time":"2 minutes"},"schema":{"@context":"https:\/\/schema.org","@graph":[{"@type":"WebPage","@id":"http:\/\/esponsorama.ad\/ca\/raul-romero-ca\/","url":"http:\/\/esponsorama.ad\/ca\/raul-romero-ca\/","name":"Ra\u00fal Romero - Esponsorama","isPartOf":{"@id":"http:\/\/esponsorama.ad\/es\/#website"},"primaryImageOfPage":{"@id":"http:\/\/esponsorama.ad\/ca\/raul-romero-ca\/#primaryimage"},"image":{"@id":"http:\/\/esponsorama.ad\/ca\/raul-romero-ca\/#primaryimage"},"thumbnailUrl":"http:\/\/esponsorama.ad\/wp-content\/uploads\/2016\/11\/18_VALENCIA_TEST-8053.jpg","datePublished":"2016-11-17T11:45:17+00:00","dateModified":"2016-11-19T18:15:16+00:00","breadcrumb":{"@id":"http:\/\/esponsorama.ad\/ca\/raul-romero-ca\/#breadcrumb"},"inLanguage":"ca-AD","potentialAction":[{"@type":"ReadAction","target":["http:\/\/esponsorama.ad\/ca\/raul-romero-ca\/"]}]},{"@type":"ImageObject","inLanguage":"ca-AD","@id":"http:\/\/esponsorama.ad\/ca\/raul-romero-ca\/#primaryimage","url":"http:\/\/esponsorama.ad\/wp-content\/uploads\/2016\/11\/18_VALENCIA_TEST-8053.jpg","contentUrl":"http:\/\/esponsorama.ad\/wp-content\/uploads\/2016\/11\/18_VALENCIA_TEST-8053.jpg","width":4915,"height":3277},{"@type":"BreadcrumbList","@id":"http:\/\/esponsorama.ad\/ca\/raul-romero-ca\/#breadcrumb","itemListElement":[{"@type":"ListItem","position":1,"name":"Home","item":"http:\/\/esponsorama.ad\/es\/"},{"@type":"ListItem","position":2,"name":"Ra\u00fal Romero"}]},{"@type":"WebSite","@id":"http:\/\/esponsorama.ad\/es\/#website","url":"http:\/\/esponsorama.ad\/es\/","name":"Esponsorama","description":"Specialist in motorsport sponsorship and event promotions","potentialAction":[{"@type":"SearchAction","target":{"@type":"EntryPoint","urlTemplate":"http:\/\/esponsorama.ad\/es\/?s={search_term_string}"},"query-input":{"@type":"PropertyValueSpecification","valueRequired":true,"valueName":"search_term_string"}}],"inLanguage":"ca-AD"}]}},"_links":{"self":[{"href":"http:\/\/esponsorama.ad\/ca\/wp-json\/wp\/v2\/pages\/858","targetHints":{"allow":["GET"]}}],"collection":[{"href":"http:\/\/esponsorama.ad\/ca\/wp-json\/wp\/v2\/pages"}],"about":[{"href":"http:\/\/esponsorama.ad\/ca\/wp-json\/wp\/v2\/types\/page"}],"author":[{"embeddable":true,"href":"http:\/\/esponsorama.ad\/ca\/wp-json\/wp\/v2\/users\/6"}],"replies":[{"embeddable":true,"href":"http:\/\/esponsorama.ad\/ca\/wp-json\/wp\/v2\/comments?post=858"}],"version-history":[{"count":0,"href":"http:\/\/esponsorama.ad\/ca\/wp-json\/wp\/v2\/pages\/858\/revisions"}],"wp:featuredmedia":[{"embeddable":true,"href":"http:\/\/esponsorama.ad\/ca\/wp-json\/wp\/v2\/media\/864"}],"wp:attachment":[{"href":"http:\/\/esponsorama.ad\/ca\/wp-json\/wp\/v2\/media?parent=858"}],"curies":[{"name":"wp","href":"https:\/\/api.w.org\/{rel}","templated":true}]}}