{"id":9953,"date":"2018-05-25T16:14:18","date_gmt":"2018-05-25T14:14:18","guid":{"rendered":"http:\/\/esponsorama.ad\/?page_id=9953"},"modified":"2018-05-30T10:48:13","modified_gmt":"2018-05-30T08:48:13","slug":"aviso-legal","status":"publish","type":"page","link":"http:\/\/esponsorama.ad\/en\/aviso-legal\/","title":{"rendered":"Aviso Legal"},"content":{"rendered":"<p>ESPONSORAMA, S.L., con direcci\u00f3n Pla\u00e7a Coprinceps 1, 2 pis, despatx 2.3, AD700 Escaldes-Engordany,\u00a0 Principat d&#8217;Andorra, y CIF\/NIF NRT L-710401-T, no puede asumir ninguna responsabilidad derivada del uso incorrecto, inapropiado o il\u00edcito de la informaci\u00f3n aparecida en las p\u00e1ginas de Internet de www.esponsorama.ad.<\/p>\n<p>Con los l\u00edmites establecidos en la ley, www.esponsorama.ad\u00a0no asume ninguna responsabilidad derivada de la falta de veracidad, integridad, actualizaci\u00f3n y precisi\u00f3n de los datos o informaciones que se contienen en sus p\u00e1ginas de Internet.<\/p>\n<p>Los contenidos e informaci\u00f3n no vinculan a www.esponsorama.ad ni constituyen opiniones, consejos o asesoramiento legal de ning\u00fan tipo pues se trata meramente de un servicio ofrecido con car\u00e1cter informativo y divulgativo.<\/p>\n<p>Las p\u00e1ginas de Internet de www.esponsorama.ad pueden contener enlaces (links) a otras p\u00e1ginas de terceras partes que www.esponsorama.ad no puede controlar. Por lo tanto, www.esponsorama.ad no puede asumir responsabilidades por el contenido que pueda aparecer en p\u00e1ginas de terceros.<\/p>\n<p>Los textos, im\u00e1genes, sonidos, animaciones, software y el resto de contenidos incluidos en este website son propiedad exclusiva de www.esponsorama.ad o sus licenciantes. Cualquier acto de transmisi\u00f3n, distribuci\u00f3n, cesi\u00f3n, reproducci\u00f3n, almacenamiento o comunicaci\u00f3n p\u00fablica total o parcial, debe contar con el consentimiento expreso de www.esponsorama.ad.<\/p>\n<p>Asimismo, para acceder a algunos de los servicios que www.esponsorama.ad ofrece a trav\u00e9s del website deber\u00e1 proporcionar algunos datos de car\u00e1cter personal. En cumplimiento de lo establecido en el Reglamento (UE) 2016\/679 del Parlamento Europeo y del Consejo, de 27 de abril de 2016, relativo a la protecci\u00f3n de las personas f\u00edsicas en lo que respecta al tratamiento de datos personales y a la libre circulaci\u00f3n de estos datos le informamos que, mediante la cumplimentaci\u00f3n de los presentes formularios, sus datos personales quedar\u00e1n incorporados y ser\u00e1n tratados en los ficheros de ESPONSORAMA, S.L. con el fin de poderle prestar y ofrecer nuestros servicios as\u00ed como para informarle de las mejoras del sitio Web. Asimismo, le informamos de la posibilidad de que ejerza los derechos de acceso, rectificaci\u00f3n, cancelaci\u00f3n y oposici\u00f3n de sus datos de car\u00e1cter personal, manera gratuita mediante email a team@esponsorama.ad\u00a0o en la direcci\u00f3n Pla\u00e7a Coprinceps 1, 2 pis, despatx 2.3, AD700 Escaldes-Engordany, Principat d&#8217;Andorra.<\/p>\n","protected":false},"excerpt":{"rendered":"<p>ESPONSORAMA, S.L., con direcci\u00f3n Pla\u00e7a Coprinceps 1, 2 pis, despatx 2.3, AD700 Escaldes-Engordany,\u00a0 Principat d&#8217;Andorra, y CIF\/NIF NRT L-710401-T, no puede asumir ninguna responsabilidad derivada del uso incorrecto, inapropiado o il\u00edcito de la informaci\u00f3n aparecida en las p\u00e1ginas de Internet de www.esponsorama.ad. Con los l\u00edmites establecidos en la ley, www.esponsorama.ad\u00a0no asume ninguna responsabilidad derivada de [&hellip;]<\/p>\n","protected":false},"author":6,"featured_media":0,"parent":0,"menu_order":0,"comment_status":"closed","ping_status":"closed","template":"","meta":{"footnotes":""},"class_list":["post-9953","page","type-page","status-publish","hentry"],"yoast_head":"<!-- This site is optimized with the Yoast SEO plugin v27.1.1 - https:\/\/yoast.com\/product\/yoast-seo-wordpress\/ -->\n<title>Aviso Legal - Esponsorama<\/title>\n<meta name=\"robots\" content=\"noindex, follow\" \/>\n<meta property=\"og:locale\" content=\"en_GB\" \/>\n<meta property=\"og:type\" content=\"article\" \/>\n<meta property=\"og:title\" content=\"Aviso Legal - Esponsorama\" \/>\n<meta property=\"og:description\" content=\"ESPONSORAMA, S.L., con direcci\u00f3n Pla\u00e7a Coprinceps 1, 2 pis, despatx 2.3, AD700 Escaldes-Engordany,\u00a0 Principat d&#8217;Andorra, y CIF\/NIF NRT L-710401-T, no puede asumir ninguna responsabilidad derivada del uso incorrecto, inapropiado o il\u00edcito de la informaci\u00f3n aparecida en las p\u00e1ginas de Internet de www.esponsorama.ad. Con los l\u00edmites establecidos en la ley, www.esponsorama.ad\u00a0no asume ninguna responsabilidad derivada de [&hellip;]\" \/>\n<meta property=\"og:url\" content=\"http:\/\/esponsorama.ad\/it\/aviso-legal\/\" \/>\n<meta property=\"og:site_name\" content=\"Esponsorama\" \/>\n<meta property=\"article:modified_time\" content=\"2018-05-30T08:48:13+00:00\" \/>\n<meta name=\"twitter:card\" content=\"summary_large_image\" \/>\n<meta name=\"twitter:label1\" content=\"Estimated reading time\" \/>\n\t<meta name=\"twitter:data1\" content=\"2 minutes\" \/>\n<script type=\"application\/ld+json\" class=\"yoast-schema-graph\">{\"@context\":\"https:\/\/schema.org\",\"@graph\":[{\"@type\":\"WebPage\",\"@id\":\"http:\/\/esponsorama.ad\/it\/aviso-legal\/\",\"url\":\"http:\/\/esponsorama.ad\/it\/aviso-legal\/\",\"name\":\"Aviso Legal - Esponsorama\",\"isPartOf\":{\"@id\":\"http:\/\/esponsorama.ad\/es\/#website\"},\"datePublished\":\"2018-05-25T14:14:18+00:00\",\"dateModified\":\"2018-05-30T08:48:13+00:00\",\"breadcrumb\":{\"@id\":\"http:\/\/esponsorama.ad\/it\/aviso-legal\/#breadcrumb\"},\"inLanguage\":\"en-GB\",\"potentialAction\":[{\"@type\":\"ReadAction\",\"target\":[\"http:\/\/esponsorama.ad\/it\/aviso-legal\/\"]}]},{\"@type\":\"BreadcrumbList\",\"@id\":\"http:\/\/esponsorama.ad\/it\/aviso-legal\/#breadcrumb\",\"itemListElement\":[{\"@type\":\"ListItem\",\"position\":1,\"name\":\"Home\",\"item\":\"http:\/\/esponsorama.ad\/ca\/\"},{\"@type\":\"ListItem\",\"position\":2,\"name\":\"Aviso Legal\"}]},{\"@type\":\"WebSite\",\"@id\":\"http:\/\/esponsorama.ad\/es\/#website\",\"url\":\"http:\/\/esponsorama.ad\/es\/\",\"name\":\"Esponsorama\",\"description\":\"Specialist in motorsport sponsorship and event promotions\",\"potentialAction\":[{\"@type\":\"SearchAction\",\"target\":{\"@type\":\"EntryPoint\",\"urlTemplate\":\"http:\/\/esponsorama.ad\/es\/?s={search_term_string}\"},\"query-input\":{\"@type\":\"PropertyValueSpecification\",\"valueRequired\":true,\"valueName\":\"search_term_string\"}}],\"inLanguage\":\"en-GB\"}]}<\/script>\n<!-- \/ Yoast SEO plugin. -->","yoast_head_json":{"title":"Aviso Legal - Esponsorama","robots":{"index":"noindex","follow":"follow"},"og_locale":"en_GB","og_type":"article","og_title":"Aviso Legal - Esponsorama","og_description":"ESPONSORAMA, S.L., con direcci\u00f3n Pla\u00e7a Coprinceps 1, 2 pis, despatx 2.3, AD700 Escaldes-Engordany,\u00a0 Principat d&#8217;Andorra, y CIF\/NIF NRT L-710401-T, no puede asumir ninguna responsabilidad derivada del uso incorrecto, inapropiado o il\u00edcito de la informaci\u00f3n aparecida en las p\u00e1ginas de Internet de www.esponsorama.ad. Con los l\u00edmites establecidos en la ley, www.esponsorama.ad\u00a0no asume ninguna responsabilidad derivada de [&hellip;]","og_url":"http:\/\/esponsorama.ad\/it\/aviso-legal\/","og_site_name":"Esponsorama","article_modified_time":"2018-05-30T08:48:13+00:00","twitter_card":"summary_large_image","twitter_misc":{"Estimated reading time":"2 minutes"},"schema":{"@context":"https:\/\/schema.org","@graph":[{"@type":"WebPage","@id":"http:\/\/esponsorama.ad\/it\/aviso-legal\/","url":"http:\/\/esponsorama.ad\/it\/aviso-legal\/","name":"Aviso Legal - Esponsorama","isPartOf":{"@id":"http:\/\/esponsorama.ad\/es\/#website"},"datePublished":"2018-05-25T14:14:18+00:00","dateModified":"2018-05-30T08:48:13+00:00","breadcrumb":{"@id":"http:\/\/esponsorama.ad\/it\/aviso-legal\/#breadcrumb"},"inLanguage":"en-GB","potentialAction":[{"@type":"ReadAction","target":["http:\/\/esponsorama.ad\/it\/aviso-legal\/"]}]},{"@type":"BreadcrumbList","@id":"http:\/\/esponsorama.ad\/it\/aviso-legal\/#breadcrumb","itemListElement":[{"@type":"ListItem","position":1,"name":"Home","item":"http:\/\/esponsorama.ad\/ca\/"},{"@type":"ListItem","position":2,"name":"Aviso Legal"}]},{"@type":"WebSite","@id":"http:\/\/esponsorama.ad\/es\/#website","url":"http:\/\/esponsorama.ad\/es\/","name":"Esponsorama","description":"Specialist in motorsport sponsorship and event promotions","potentialAction":[{"@type":"SearchAction","target":{"@type":"EntryPoint","urlTemplate":"http:\/\/esponsorama.ad\/es\/?s={search_term_string}"},"query-input":{"@type":"PropertyValueSpecification","valueRequired":true,"valueName":"search_term_string"}}],"inLanguage":"en-GB"}]}},"_links":{"self":[{"href":"http:\/\/esponsorama.ad\/en\/wp-json\/wp\/v2\/pages\/9953","targetHints":{"allow":["GET"]}}],"collection":[{"href":"http:\/\/esponsorama.ad\/en\/wp-json\/wp\/v2\/pages"}],"about":[{"href":"http:\/\/esponsorama.ad\/en\/wp-json\/wp\/v2\/types\/page"}],"author":[{"embeddable":true,"href":"http:\/\/esponsorama.ad\/en\/wp-json\/wp\/v2\/users\/6"}],"replies":[{"embeddable":true,"href":"http:\/\/esponsorama.ad\/en\/wp-json\/wp\/v2\/comments?post=9953"}],"version-history":[{"count":0,"href":"http:\/\/esponsorama.ad\/en\/wp-json\/wp\/v2\/pages\/9953\/revisions"}],"wp:attachment":[{"href":"http:\/\/esponsorama.ad\/en\/wp-json\/wp\/v2\/media?parent=9953"}],"curies":[{"name":"wp","href":"https:\/\/api.w.org\/{rel}","templated":true}]}}