{"id":23,"date":"2016-05-19T15:26:08","date_gmt":"2016-05-19T15:26:08","guid":{"rendered":"http:\/\/esponsorama.ad\/?page_id=23"},"modified":"2021-04-27T01:13:43","modified_gmt":"2021-04-26T23:13:43","slug":"motogp","status":"publish","type":"page","link":"http:\/\/esponsorama.ad\/it\/motogp\/","title":{"rendered":"MotoGP"},"content":{"rendered":"<p>El equipo Reale Avintia Racing en Campeonato del Mundo de MotoGP es la estrella de Esponsorama. La estructura volver\u00e1 a luchar esta temporada con H\u00e9ctor Barber\u00e1 y Loris Baz por ser el mejor equipo privado de la parrilla. Gracias al acuerdo entre Esponsorama y Ducati, Barber\u00e1 y Baz cambian sus antiguas Desmosedici GP14.2 por la GP16 y la GP15, respectivamente, y ambos esperan poder estar regularmente entre los diez primeros.<\/p>\n<p>En solo dos temporadas con la casa de Borgo Panigale, Reale Avintia Racing ha crecido como equipo y tras conseguir el t\u00edtulo de Campe\u00f3n del Mundo Open con H\u00e9ctor Barber\u00e1 en 2015, la pasada temporada el piloto valenciano logr\u00f3 acabar el a\u00f1o d\u00e9cimo en la clasificaci\u00f3n final. Adem\u00e1s tanto \u00e9l como Baz, estuvieron muy cerca de dar al equipo su primer podio en la categor\u00eda reina.<\/p>\n<p>El proyecto es posible gracias al apoyo de los patrocinadores, empezando por Reale Seguros, el Grupo Avintia, Pacha, Cirsa, Air Europa, Remica, J.Juan, Galfer, Cetosa, BNFit, KPSport, Orona, Transantol\u00edn, Tecnelt, y por supuesto, a todos los patrocinadores t\u00e9cnicos del equipo.<\/p>\n<div id='gallery-1' class='gallery galleryid-23 gallery-columns-5 gallery-size-thumbnail'><figure class='gallery-item'>\n\t\t\t<div class='gallery-icon landscape'>\n\t\t\t\t<a href='http:\/\/esponsorama.ad\/wp-content\/uploads\/2016\/05\/AX07752.jpg' title=\"\" data-rl_title=\"\" class=\"rl-gallery-link\" data-rl_caption=\"\" data-rel=\"lightbox-gallery-1\"><img loading=\"lazy\" decoding=\"async\" width=\"150\" height=\"150\" src=\"http:\/\/esponsorama.ad\/wp-content\/uploads\/2016\/05\/AX07752-150x150.jpg\" class=\"attachment-thumbnail size-thumbnail\" alt=\"\" \/><\/a>\n\t\t\t<\/div><\/figure><figure class='gallery-item'>\n\t\t\t<div class='gallery-icon landscape'>\n\t\t\t\t<a href='http:\/\/esponsorama.ad\/wp-content\/uploads\/2016\/05\/AX01426.jpg' title=\"\" data-rl_title=\"\" class=\"rl-gallery-link\" data-rl_caption=\"\" data-rel=\"lightbox-gallery-1\"><img loading=\"lazy\" decoding=\"async\" width=\"150\" height=\"150\" src=\"http:\/\/esponsorama.ad\/wp-content\/uploads\/2016\/05\/AX01426-150x150.jpg\" class=\"attachment-thumbnail size-thumbnail\" alt=\"\" \/><\/a>\n\t\t\t<\/div><\/figure><figure class='gallery-item'>\n\t\t\t<div class='gallery-icon landscape'>\n\t\t\t\t<a href='http:\/\/esponsorama.ad\/wp-content\/uploads\/2016\/05\/AX06411.jpg' title=\"\" data-rl_title=\"\" class=\"rl-gallery-link\" data-rl_caption=\"\" data-rel=\"lightbox-gallery-1\"><img loading=\"lazy\" decoding=\"async\" width=\"150\" height=\"150\" src=\"http:\/\/esponsorama.ad\/wp-content\/uploads\/2016\/05\/AX06411-150x150.jpg\" class=\"attachment-thumbnail size-thumbnail\" alt=\"\" \/><\/a>\n\t\t\t<\/div><\/figure><figure class='gallery-item'>\n\t\t\t<div class='gallery-icon landscape'>\n\t\t\t\t<a href='http:\/\/esponsorama.ad\/wp-content\/uploads\/2016\/05\/AX01946.jpg' title=\"\" data-rl_title=\"\" class=\"rl-gallery-link\" data-rl_caption=\"\" data-rel=\"lightbox-gallery-1\"><img loading=\"lazy\" decoding=\"async\" width=\"150\" height=\"150\" src=\"http:\/\/esponsorama.ad\/wp-content\/uploads\/2016\/05\/AX01946-150x150.jpg\" class=\"attachment-thumbnail size-thumbnail\" alt=\"\" \/><\/a>\n\t\t\t<\/div><\/figure><figure class='gallery-item'>\n\t\t\t<div class='gallery-icon landscape'>\n\t\t\t\t<a href='http:\/\/esponsorama.ad\/wp-content\/uploads\/2016\/05\/AX03400.jpg' title=\"\" data-rl_title=\"\" class=\"rl-gallery-link\" data-rl_caption=\"\" data-rel=\"lightbox-gallery-1\"><img loading=\"lazy\" decoding=\"async\" width=\"150\" height=\"150\" src=\"http:\/\/esponsorama.ad\/wp-content\/uploads\/2016\/05\/AX03400-150x150.jpg\" class=\"attachment-thumbnail size-thumbnail\" alt=\"\" \/><\/a>\n\t\t\t<\/div><\/figure><figure class='gallery-item'>\n\t\t\t<div class='gallery-icon landscape'>\n\t\t\t\t<a href='http:\/\/esponsorama.ad\/wp-content\/uploads\/2016\/05\/AX04328.jpg' title=\"\" data-rl_title=\"\" class=\"rl-gallery-link\" data-rl_caption=\"\" data-rel=\"lightbox-gallery-1\"><img loading=\"lazy\" decoding=\"async\" width=\"150\" height=\"150\" src=\"http:\/\/esponsorama.ad\/wp-content\/uploads\/2016\/05\/AX04328-150x150.jpg\" class=\"attachment-thumbnail size-thumbnail\" alt=\"\" \/><\/a>\n\t\t\t<\/div><\/figure><figure class='gallery-item'>\n\t\t\t<div class='gallery-icon landscape'>\n\t\t\t\t<a href='http:\/\/esponsorama.ad\/wp-content\/uploads\/2016\/05\/AX04533.jpg' title=\"\" data-rl_title=\"\" class=\"rl-gallery-link\" data-rl_caption=\"\" data-rel=\"lightbox-gallery-1\"><img loading=\"lazy\" decoding=\"async\" width=\"150\" height=\"150\" src=\"http:\/\/esponsorama.ad\/wp-content\/uploads\/2016\/05\/AX04533-150x150.jpg\" class=\"attachment-thumbnail size-thumbnail\" alt=\"\" \/><\/a>\n\t\t\t<\/div><\/figure><figure class='gallery-item'>\n\t\t\t<div class='gallery-icon landscape'>\n\t\t\t\t<a href='http:\/\/esponsorama.ad\/wp-content\/uploads\/2016\/05\/AX04860.jpg' title=\"\" data-rl_title=\"\" class=\"rl-gallery-link\" data-rl_caption=\"\" data-rel=\"lightbox-gallery-1\"><img loading=\"lazy\" decoding=\"async\" width=\"150\" height=\"150\" src=\"http:\/\/esponsorama.ad\/wp-content\/uploads\/2016\/05\/AX04860-150x150.jpg\" class=\"attachment-thumbnail size-thumbnail\" alt=\"\" \/><\/a>\n\t\t\t<\/div><\/figure><figure class='gallery-item'>\n\t\t\t<div class='gallery-icon landscape'>\n\t\t\t\t<a href='http:\/\/esponsorama.ad\/wp-content\/uploads\/2016\/05\/AX05063.jpg' title=\"\" data-rl_title=\"\" class=\"rl-gallery-link\" data-rl_caption=\"\" data-rel=\"lightbox-gallery-1\"><img loading=\"lazy\" decoding=\"async\" width=\"150\" height=\"150\" src=\"http:\/\/esponsorama.ad\/wp-content\/uploads\/2016\/05\/AX05063-150x150.jpg\" class=\"attachment-thumbnail size-thumbnail\" alt=\"\" \/><\/a>\n\t\t\t<\/div><\/figure><figure class='gallery-item'>\n\t\t\t<div class='gallery-icon landscape'>\n\t\t\t\t<a href='http:\/\/esponsorama.ad\/wp-content\/uploads\/2016\/05\/AX05821.jpg' title=\"\" data-rl_title=\"\" class=\"rl-gallery-link\" data-rl_caption=\"\" data-rel=\"lightbox-gallery-1\"><img loading=\"lazy\" decoding=\"async\" width=\"150\" height=\"150\" src=\"http:\/\/esponsorama.ad\/wp-content\/uploads\/2016\/05\/AX05821-150x150.jpg\" class=\"attachment-thumbnail size-thumbnail\" alt=\"\" \/><\/a>\n\t\t\t<\/div><\/figure><figure class='gallery-item'>\n\t\t\t<div class='gallery-icon landscape'>\n\t\t\t\t<a href='http:\/\/esponsorama.ad\/wp-content\/uploads\/2016\/05\/00_TEST_MAL_2017_AVINTIA-4208.jpg' title=\"\" data-rl_title=\"\" class=\"rl-gallery-link\" data-rl_caption=\"\" data-rel=\"lightbox-gallery-1\"><img loading=\"lazy\" decoding=\"async\" width=\"150\" height=\"150\" src=\"http:\/\/esponsorama.ad\/wp-content\/uploads\/2016\/05\/00_TEST_MAL_2017_AVINTIA-4208-150x150.jpg\" class=\"attachment-thumbnail size-thumbnail\" alt=\"\" \/><\/a>\n\t\t\t<\/div><\/figure><figure class='gallery-item'>\n\t\t\t<div class='gallery-icon landscape'>\n\t\t\t\t<a href='http:\/\/esponsorama.ad\/wp-content\/uploads\/2016\/05\/AX06293.jpg' title=\"\" data-rl_title=\"\" class=\"rl-gallery-link\" data-rl_caption=\"\" data-rel=\"lightbox-gallery-1\"><img loading=\"lazy\" decoding=\"async\" width=\"150\" height=\"150\" src=\"http:\/\/esponsorama.ad\/wp-content\/uploads\/2016\/05\/AX06293-150x150.jpg\" class=\"attachment-thumbnail size-thumbnail\" alt=\"\" \/><\/a>\n\t\t\t<\/div><\/figure><figure class='gallery-item'>\n\t\t\t<div class='gallery-icon landscape'>\n\t\t\t\t<a href='http:\/\/esponsorama.ad\/wp-content\/uploads\/2016\/05\/AX06399.jpg' title=\"\" data-rl_title=\"\" class=\"rl-gallery-link\" data-rl_caption=\"\" data-rel=\"lightbox-gallery-1\"><img loading=\"lazy\" decoding=\"async\" width=\"150\" height=\"150\" src=\"http:\/\/esponsorama.ad\/wp-content\/uploads\/2016\/05\/AX06399-150x150.jpg\" class=\"attachment-thumbnail size-thumbnail\" alt=\"\" \/><\/a>\n\t\t\t<\/div><\/figure><figure class='gallery-item'>\n\t\t\t<div class='gallery-icon landscape'>\n\t\t\t\t<a href='http:\/\/esponsorama.ad\/wp-content\/uploads\/2016\/05\/AX06428.jpg' title=\"\" data-rl_title=\"\" class=\"rl-gallery-link\" data-rl_caption=\"\" data-rel=\"lightbox-gallery-1\"><img loading=\"lazy\" decoding=\"async\" width=\"150\" height=\"150\" src=\"http:\/\/esponsorama.ad\/wp-content\/uploads\/2016\/05\/AX06428-150x150.jpg\" class=\"attachment-thumbnail size-thumbnail\" alt=\"\" \/><\/a>\n\t\t\t<\/div><\/figure><figure class='gallery-item'>\n\t\t\t<div class='gallery-icon landscape'>\n\t\t\t\t<a href='http:\/\/esponsorama.ad\/wp-content\/uploads\/2016\/05\/AX06600.jpg' title=\"\" data-rl_title=\"\" class=\"rl-gallery-link\" data-rl_caption=\"\" data-rel=\"lightbox-gallery-1\"><img loading=\"lazy\" decoding=\"async\" width=\"150\" height=\"150\" src=\"http:\/\/esponsorama.ad\/wp-content\/uploads\/2016\/05\/AX06600-150x150.jpg\" class=\"attachment-thumbnail size-thumbnail\" alt=\"\" \/><\/a>\n\t\t\t<\/div><\/figure><figure class='gallery-item'>\n\t\t\t<div class='gallery-icon landscape'>\n\t\t\t\t<a href='http:\/\/esponsorama.ad\/wp-content\/uploads\/2016\/05\/AX06691.jpg' title=\"\" data-rl_title=\"\" class=\"rl-gallery-link\" data-rl_caption=\"\" data-rel=\"lightbox-gallery-1\"><img loading=\"lazy\" decoding=\"async\" width=\"150\" height=\"150\" src=\"http:\/\/esponsorama.ad\/wp-content\/uploads\/2016\/05\/AX06691-150x150.jpg\" class=\"attachment-thumbnail size-thumbnail\" alt=\"\" \/><\/a>\n\t\t\t<\/div><\/figure><figure class='gallery-item'>\n\t\t\t<div class='gallery-icon landscape'>\n\t\t\t\t<a href='http:\/\/esponsorama.ad\/wp-content\/uploads\/2016\/05\/AX07347.jpg' title=\"\" data-rl_title=\"\" class=\"rl-gallery-link\" data-rl_caption=\"\" data-rel=\"lightbox-gallery-1\"><img loading=\"lazy\" decoding=\"async\" width=\"150\" height=\"150\" src=\"http:\/\/esponsorama.ad\/wp-content\/uploads\/2016\/05\/AX07347-150x150.jpg\" class=\"attachment-thumbnail size-thumbnail\" alt=\"\" \/><\/a>\n\t\t\t<\/div><\/figure><figure class='gallery-item'>\n\t\t\t<div class='gallery-icon landscape'>\n\t\t\t\t<a href='http:\/\/esponsorama.ad\/wp-content\/uploads\/2016\/05\/AX07784.jpg' title=\"\" data-rl_title=\"\" class=\"rl-gallery-link\" data-rl_caption=\"\" data-rel=\"lightbox-gallery-1\"><img loading=\"lazy\" decoding=\"async\" width=\"150\" height=\"150\" src=\"http:\/\/esponsorama.ad\/wp-content\/uploads\/2016\/05\/AX07784-150x150.jpg\" class=\"attachment-thumbnail size-thumbnail\" alt=\"\" \/><\/a>\n\t\t\t<\/div><\/figure><figure class='gallery-item'>\n\t\t\t<div class='gallery-icon landscape'>\n\t\t\t\t<a href='http:\/\/esponsorama.ad\/wp-content\/uploads\/2016\/05\/AX07892.jpg' title=\"\" data-rl_title=\"\" class=\"rl-gallery-link\" data-rl_caption=\"\" data-rel=\"lightbox-gallery-1\"><img loading=\"lazy\" decoding=\"async\" width=\"150\" height=\"150\" src=\"http:\/\/esponsorama.ad\/wp-content\/uploads\/2016\/05\/AX07892-150x150.jpg\" class=\"attachment-thumbnail size-thumbnail\" alt=\"\" \/><\/a>\n\t\t\t<\/div><\/figure><figure class='gallery-item'>\n\t\t\t<div class='gallery-icon landscape'>\n\t\t\t\t<a href='http:\/\/esponsorama.ad\/wp-content\/uploads\/2016\/05\/AX08456.jpg' title=\"\" data-rl_title=\"\" class=\"rl-gallery-link\" data-rl_caption=\"\" data-rel=\"lightbox-gallery-1\"><img loading=\"lazy\" decoding=\"async\" width=\"150\" height=\"150\" src=\"http:\/\/esponsorama.ad\/wp-content\/uploads\/2016\/05\/AX08456-150x150.jpg\" class=\"attachment-thumbnail size-thumbnail\" alt=\"\" \/><\/a>\n\t\t\t<\/div><\/figure>\n\t\t<\/div>\n\n","protected":false},"excerpt":{"rendered":"<p>El equipo Reale Avintia Racing en Campeonato del Mundo de MotoGP es la estrella de Esponsorama. La estructura volver\u00e1 a luchar esta temporada con H\u00e9ctor Barber\u00e1 y Loris Baz por ser el mejor equipo privado de la parrilla. Gracias al acuerdo entre Esponsorama y Ducati, Barber\u00e1 y Baz cambian sus antiguas Desmosedici GP14.2 por la [&hellip;]<\/p>\n","protected":false},"author":6,"featured_media":1274,"parent":0,"menu_order":0,"comment_status":"closed","ping_status":"closed","template":"page-campeonato.php","meta":{"footnotes":""},"class_list":["post-23","page","type-page","status-publish","has-post-thumbnail","hentry"],"yoast_head":"<!-- This site is optimized with the Yoast SEO plugin v27.1.1 - https:\/\/yoast.com\/product\/yoast-seo-wordpress\/ -->\n<title>MotoGP - Esponsorama<\/title>\n<meta name=\"robots\" content=\"index, follow, max-snippet:-1, max-image-preview:large, max-video-preview:-1\" \/>\n<link rel=\"canonical\" href=\"http:\/\/esponsorama.ad\/es\/motogp\/\" \/>\n<meta property=\"og:locale\" content=\"it_IT\" \/>\n<meta property=\"og:type\" content=\"article\" \/>\n<meta property=\"og:title\" content=\"MotoGP - Esponsorama\" \/>\n<meta property=\"og:description\" content=\"El equipo Reale Avintia Racing en Campeonato del Mundo de MotoGP es la estrella de Esponsorama. La estructura volver\u00e1 a luchar esta temporada con H\u00e9ctor Barber\u00e1 y Loris Baz por ser el mejor equipo privado de la parrilla. Gracias al acuerdo entre Esponsorama y Ducati, Barber\u00e1 y Baz cambian sus antiguas Desmosedici GP14.2 por la [&hellip;]\" \/>\n<meta property=\"og:url\" content=\"http:\/\/esponsorama.ad\/es\/motogp\/\" \/>\n<meta property=\"og:site_name\" content=\"Esponsorama\" \/>\n<meta property=\"article:modified_time\" content=\"2021-04-26T23:13:43+00:00\" \/>\n<meta property=\"og:image\" content=\"http:\/\/esponsorama.ad\/wp-content\/uploads\/2016\/05\/AX06609-1024x683.jpg\" \/>\n\t<meta property=\"og:image:width\" content=\"1024\" \/>\n\t<meta property=\"og:image:height\" content=\"683\" \/>\n\t<meta property=\"og:image:type\" content=\"image\/jpeg\" \/>\n<meta name=\"twitter:card\" content=\"summary_large_image\" \/>\n<meta name=\"twitter:label1\" content=\"Est. reading time\" \/>\n\t<meta name=\"twitter:data1\" content=\"1 minute\" \/>\n<script type=\"application\/ld+json\" class=\"yoast-schema-graph\">{\"@context\":\"https:\/\/schema.org\",\"@graph\":[{\"@type\":\"WebPage\",\"@id\":\"http:\/\/esponsorama.ad\/es\/motogp\/\",\"url\":\"http:\/\/esponsorama.ad\/es\/motogp\/\",\"name\":\"MotoGP - Esponsorama\",\"isPartOf\":{\"@id\":\"http:\/\/esponsorama.ad\/es\/#website\"},\"primaryImageOfPage\":{\"@id\":\"http:\/\/esponsorama.ad\/es\/motogp\/#primaryimage\"},\"image\":{\"@id\":\"http:\/\/esponsorama.ad\/es\/motogp\/#primaryimage\"},\"thumbnailUrl\":\"http:\/\/esponsorama.ad\/wp-content\/uploads\/2016\/05\/AX06609.jpg\",\"datePublished\":\"2016-05-19T15:26:08+00:00\",\"dateModified\":\"2021-04-26T23:13:43+00:00\",\"breadcrumb\":{\"@id\":\"http:\/\/esponsorama.ad\/es\/motogp\/#breadcrumb\"},\"inLanguage\":\"it-IT\",\"potentialAction\":[{\"@type\":\"ReadAction\",\"target\":[\"http:\/\/esponsorama.ad\/es\/motogp\/\"]}]},{\"@type\":\"ImageObject\",\"inLanguage\":\"it-IT\",\"@id\":\"http:\/\/esponsorama.ad\/es\/motogp\/#primaryimage\",\"url\":\"http:\/\/esponsorama.ad\/wp-content\/uploads\/2016\/05\/AX06609.jpg\",\"contentUrl\":\"http:\/\/esponsorama.ad\/wp-content\/uploads\/2016\/05\/AX06609.jpg\",\"width\":5472,\"height\":3648},{\"@type\":\"BreadcrumbList\",\"@id\":\"http:\/\/esponsorama.ad\/es\/motogp\/#breadcrumb\",\"itemListElement\":[{\"@type\":\"ListItem\",\"position\":1,\"name\":\"Home\",\"item\":\"http:\/\/esponsorama.ad\/es\/\"},{\"@type\":\"ListItem\",\"position\":2,\"name\":\"MotoGP\"}]},{\"@type\":\"WebSite\",\"@id\":\"http:\/\/esponsorama.ad\/es\/#website\",\"url\":\"http:\/\/esponsorama.ad\/es\/\",\"name\":\"Esponsorama\",\"description\":\"Specialist in motorsport sponsorship and event promotions\",\"potentialAction\":[{\"@type\":\"SearchAction\",\"target\":{\"@type\":\"EntryPoint\",\"urlTemplate\":\"http:\/\/esponsorama.ad\/es\/?s={search_term_string}\"},\"query-input\":{\"@type\":\"PropertyValueSpecification\",\"valueRequired\":true,\"valueName\":\"search_term_string\"}}],\"inLanguage\":\"it-IT\"}]}<\/script>\n<!-- \/ Yoast SEO plugin. -->","yoast_head_json":{"title":"MotoGP - Esponsorama","robots":{"index":"index","follow":"follow","max-snippet":"max-snippet:-1","max-image-preview":"max-image-preview:large","max-video-preview":"max-video-preview:-1"},"canonical":"http:\/\/esponsorama.ad\/es\/motogp\/","og_locale":"it_IT","og_type":"article","og_title":"MotoGP - Esponsorama","og_description":"El equipo Reale Avintia Racing en Campeonato del Mundo de MotoGP es la estrella de Esponsorama. La estructura volver\u00e1 a luchar esta temporada con H\u00e9ctor Barber\u00e1 y Loris Baz por ser el mejor equipo privado de la parrilla. Gracias al acuerdo entre Esponsorama y Ducati, Barber\u00e1 y Baz cambian sus antiguas Desmosedici GP14.2 por la [&hellip;]","og_url":"http:\/\/esponsorama.ad\/es\/motogp\/","og_site_name":"Esponsorama","article_modified_time":"2021-04-26T23:13:43+00:00","og_image":[{"width":1024,"height":683,"url":"http:\/\/esponsorama.ad\/wp-content\/uploads\/2016\/05\/AX06609-1024x683.jpg","type":"image\/jpeg"}],"twitter_card":"summary_large_image","twitter_misc":{"Est. reading time":"1 minute"},"schema":{"@context":"https:\/\/schema.org","@graph":[{"@type":"WebPage","@id":"http:\/\/esponsorama.ad\/es\/motogp\/","url":"http:\/\/esponsorama.ad\/es\/motogp\/","name":"MotoGP - Esponsorama","isPartOf":{"@id":"http:\/\/esponsorama.ad\/es\/#website"},"primaryImageOfPage":{"@id":"http:\/\/esponsorama.ad\/es\/motogp\/#primaryimage"},"image":{"@id":"http:\/\/esponsorama.ad\/es\/motogp\/#primaryimage"},"thumbnailUrl":"http:\/\/esponsorama.ad\/wp-content\/uploads\/2016\/05\/AX06609.jpg","datePublished":"2016-05-19T15:26:08+00:00","dateModified":"2021-04-26T23:13:43+00:00","breadcrumb":{"@id":"http:\/\/esponsorama.ad\/es\/motogp\/#breadcrumb"},"inLanguage":"it-IT","potentialAction":[{"@type":"ReadAction","target":["http:\/\/esponsorama.ad\/es\/motogp\/"]}]},{"@type":"ImageObject","inLanguage":"it-IT","@id":"http:\/\/esponsorama.ad\/es\/motogp\/#primaryimage","url":"http:\/\/esponsorama.ad\/wp-content\/uploads\/2016\/05\/AX06609.jpg","contentUrl":"http:\/\/esponsorama.ad\/wp-content\/uploads\/2016\/05\/AX06609.jpg","width":5472,"height":3648},{"@type":"BreadcrumbList","@id":"http:\/\/esponsorama.ad\/es\/motogp\/#breadcrumb","itemListElement":[{"@type":"ListItem","position":1,"name":"Home","item":"http:\/\/esponsorama.ad\/es\/"},{"@type":"ListItem","position":2,"name":"MotoGP"}]},{"@type":"WebSite","@id":"http:\/\/esponsorama.ad\/es\/#website","url":"http:\/\/esponsorama.ad\/es\/","name":"Esponsorama","description":"Specialist in motorsport sponsorship and event promotions","potentialAction":[{"@type":"SearchAction","target":{"@type":"EntryPoint","urlTemplate":"http:\/\/esponsorama.ad\/es\/?s={search_term_string}"},"query-input":{"@type":"PropertyValueSpecification","valueRequired":true,"valueName":"search_term_string"}}],"inLanguage":"it-IT"}]}},"_links":{"self":[{"href":"http:\/\/esponsorama.ad\/it\/wp-json\/wp\/v2\/pages\/23","targetHints":{"allow":["GET"]}}],"collection":[{"href":"http:\/\/esponsorama.ad\/it\/wp-json\/wp\/v2\/pages"}],"about":[{"href":"http:\/\/esponsorama.ad\/it\/wp-json\/wp\/v2\/types\/page"}],"author":[{"embeddable":true,"href":"http:\/\/esponsorama.ad\/it\/wp-json\/wp\/v2\/users\/6"}],"replies":[{"embeddable":true,"href":"http:\/\/esponsorama.ad\/it\/wp-json\/wp\/v2\/comments?post=23"}],"version-history":[{"count":0,"href":"http:\/\/esponsorama.ad\/it\/wp-json\/wp\/v2\/pages\/23\/revisions"}],"wp:featuredmedia":[{"embeddable":true,"href":"http:\/\/esponsorama.ad\/it\/wp-json\/wp\/v2\/media\/1274"}],"wp:attachment":[{"href":"http:\/\/esponsorama.ad\/it\/wp-json\/wp\/v2\/media?parent=23"}],"curies":[{"name":"wp","href":"https:\/\/api.w.org\/{rel}","templated":true}]}}