{"id":80,"date":"2016-05-25T18:03:28","date_gmt":"2016-05-25T16:03:28","guid":{"rendered":"http:\/\/esponsorama.ad\/?page_id=80"},"modified":"2017-05-11T13:54:49","modified_gmt":"2017-05-11T11:54:49","slug":"eventos","status":"publish","type":"page","link":"http:\/\/esponsorama.ad\/es\/eventos\/","title":{"rendered":"Eventos"},"content":{"rendered":"<p>Esponsorama tambi\u00e9n est\u00e1 especializada en la organizaci\u00f3n de eventos al m\u00e1s alto nivel. Entre los m\u00e1s destacados est\u00e1 Andorracing, un acto internacional que en 2016 sirvi\u00f3 como presentaci\u00f3n del equipo Avintia Racing en Andorra y que congreg\u00f3 invitados y prensa de todo el mundo. Con con las Ducati de MotoGP rodando por las pistas de Grandvalira o el centro de Andorra la Vella, la puesta en escena fue espectacular.<\/p>\n<p>Andorra fue el escenario, a finales de noviembre del pasado a\u00f1o, del proyecto de Esponsorama en el Rally Dakar. En el Circuito de Andorra, sus pilotos estrella, Joan &#8216;Nani&#8217; Roma (Toyota Overdrive) y Xevi Pons (Ford South Racing), montaron en sus coches de competici\u00f3n a la prensa e invitados. Por la tarde tomaron las calles del centro de Andorra con sus veh\u00edculos, acercando una vez m\u00e1s la competici\u00f3n a la gente del Pa\u00eds. Tambi\u00e9n\u00a0 el piloto andorrano de motos, Cristian Espa\u00f1a, a quien Esponsorama tambi\u00e9n ha apoyado en su aventura en el rally m\u00e1s duro del mundo, tom\u00f3 parte en todos los eventos con su KTM.<\/p>\n<p>En 2017 Esponsorama ha ido un paso m\u00e1s all\u00e1 y ha realizado una nueva edici\u00f3n de Andorracing para presentar su nuevo proyecto en MotoGP, el Reale Avintia Racing, que un a\u00f1o m\u00e1s ha contado con la presentaci\u00f3n m\u00e1s espectacular de la pretemporada. El escenario elegido en esta ocasi\u00f3n fue el Circuito de Andorra en Pas de la Casa, donde prensa e invitados pudieron disfrutar de cursos de conducci\u00f3n sobre hielo, dar una vuelta en un coche de las G-Series con Nani Roma al volante o directamente experimentar la conducci\u00f3n de estos especiales veh\u00edculos de competici\u00f3n tras recibir las intrucciones de un monitor.<\/p>\n<p>Pero el plato fuerte de la presentaci\u00f3n lleg\u00f3 por el aire. Un helic\u00f3ptero fue el encargado de hacer llegar hasta los 2.500 metros de altitud del Circuito de Andorra la Ducati Desmosedici de H\u00e9ctor Barber\u00e1 y Loris Baz, ya luciendo los nuevos colores de Reale Avintia Racing. En el papel de H\u00e9ctor Barber\u00e1, quien lleg\u00f3 lesionado a la presentaci\u00f3n, el stunt oficial de Ducati Espa\u00f1a, Emilio Zamora, hizo las delicias de los presentes rodando con una Ducati equipada con ruedas de clavos por la pista helada.<\/p>\n<p>La fiesta termin\u00f3 en las calles de Andorra la Vella, donde Barber\u00e1 y Baz firmaron aut\u00f3grafos y se hicieron fotos con los aficionados andorranos, que m\u00e1s tarde puedieron disfrutar de una salida al m\u00e1s puro estilo MotoGP y las acrobacias de Loris Baz y Emilio Zamora. Y como colof\u00f3n visita al World Champios Museum by 99, parte de la colecci\u00f3n personal del tricampe\u00f3n del mundo de MotoGP Jorge Lorenzo que expone de manera permanente en colaboraci\u00f3n con Pyrenees.<\/p>\n<p>Para llevar a cabo estas espectaculares presentaciones, Esponsorama cont\u00f3 con el apoyo inestimable de Rub\u00e9n Xaus y su empresa ANDMove, Pyrenees, Grandvalira, Turisme de Andorra la Vella, Any\u00f2s Park, Hotel Princesa Parc y Sport Hotels Resort &amp; Spa Soldeu. As\u00ed como el de los colaboradores, Pic Negre y SGV.<\/p>\n<p>&nbsp;<\/p>\n<p><strong>VIDEO REALE AVINTIA RACING 2017<\/strong><\/p>\n<p>https:\/\/www.youtube.com\/watch?v=IAhkjJh8m5k<\/p>\n<p>&nbsp;<\/p>\n<p><strong>VIDEO ANDORRACING 2016<br \/>\n<\/strong><\/p>\n<p>https:\/\/www.youtube.com\/watch?v=P1Fj6AJR8NU<\/p>\n","protected":false},"excerpt":{"rendered":"<p>Esponsorama tambi\u00e9n est\u00e1 especializada en la organizaci\u00f3n de eventos al m\u00e1s alto nivel. Entre los m\u00e1s destacados est\u00e1 Andorracing, un acto internacional que en 2016 sirvi\u00f3 como presentaci\u00f3n del equipo Avintia Racing en Andorra y que congreg\u00f3 invitados y prensa de todo el mundo. Con con las Ducati de MotoGP rodando por las pistas de [&hellip;]<\/p>\n","protected":false},"author":6,"featured_media":1734,"parent":0,"menu_order":0,"comment_status":"closed","ping_status":"closed","template":"","meta":{"footnotes":""},"class_list":["post-80","page","type-page","status-publish","has-post-thumbnail","hentry"],"yoast_head":"<!-- This site is optimized with the Yoast SEO plugin v27.1.1 - https:\/\/yoast.com\/product\/yoast-seo-wordpress\/ -->\n<title>Eventos - Esponsorama<\/title>\n<meta name=\"robots\" content=\"index, follow, max-snippet:-1, max-image-preview:large, max-video-preview:-1\" \/>\n<link rel=\"canonical\" href=\"http:\/\/esponsorama.ad\/es\/eventos\/\" \/>\n<meta property=\"og:locale\" content=\"it_IT\" \/>\n<meta property=\"og:type\" content=\"article\" \/>\n<meta property=\"og:title\" content=\"Eventos - Esponsorama\" \/>\n<meta property=\"og:description\" content=\"Esponsorama tambi\u00e9n est\u00e1 especializada en la organizaci\u00f3n de eventos al m\u00e1s alto nivel. Entre los m\u00e1s destacados est\u00e1 Andorracing, un acto internacional que en 2016 sirvi\u00f3 como presentaci\u00f3n del equipo Avintia Racing en Andorra y que congreg\u00f3 invitados y prensa de todo el mundo. Con con las Ducati de MotoGP rodando por las pistas de [&hellip;]\" \/>\n<meta property=\"og:url\" content=\"http:\/\/esponsorama.ad\/es\/eventos\/\" \/>\n<meta property=\"og:site_name\" content=\"Esponsorama\" \/>\n<meta property=\"article:modified_time\" content=\"2017-05-11T11:54:49+00:00\" \/>\n<meta property=\"og:image\" content=\"http:\/\/esponsorama.ad\/wp-content\/uploads\/2017\/03\/RealeAvintiaRcgMgp_2017_JOC0606-1024x683.jpg\" \/>\n\t<meta property=\"og:image:width\" content=\"1024\" \/>\n\t<meta property=\"og:image:height\" content=\"683\" \/>\n\t<meta property=\"og:image:type\" content=\"image\/jpeg\" \/>\n<meta name=\"twitter:card\" content=\"summary_large_image\" \/>\n<meta name=\"twitter:label1\" content=\"Est. reading time\" \/>\n\t<meta name=\"twitter:data1\" content=\"3 minutes\" \/>\n<script type=\"application\/ld+json\" class=\"yoast-schema-graph\">{\"@context\":\"https:\/\/schema.org\",\"@graph\":[{\"@type\":\"WebPage\",\"@id\":\"http:\/\/esponsorama.ad\/es\/eventos\/\",\"url\":\"http:\/\/esponsorama.ad\/es\/eventos\/\",\"name\":\"Eventos - Esponsorama\",\"isPartOf\":{\"@id\":\"http:\/\/esponsorama.ad\/es\/#website\"},\"primaryImageOfPage\":{\"@id\":\"http:\/\/esponsorama.ad\/es\/eventos\/#primaryimage\"},\"image\":{\"@id\":\"http:\/\/esponsorama.ad\/es\/eventos\/#primaryimage\"},\"thumbnailUrl\":\"http:\/\/esponsorama.ad\/wp-content\/uploads\/2017\/03\/RealeAvintiaRcgMgp_2017_JOC0606.jpg\",\"datePublished\":\"2016-05-25T16:03:28+00:00\",\"dateModified\":\"2017-05-11T11:54:49+00:00\",\"breadcrumb\":{\"@id\":\"http:\/\/esponsorama.ad\/es\/eventos\/#breadcrumb\"},\"inLanguage\":\"it-IT\",\"potentialAction\":[{\"@type\":\"ReadAction\",\"target\":[\"http:\/\/esponsorama.ad\/es\/eventos\/\"]}]},{\"@type\":\"ImageObject\",\"inLanguage\":\"it-IT\",\"@id\":\"http:\/\/esponsorama.ad\/es\/eventos\/#primaryimage\",\"url\":\"http:\/\/esponsorama.ad\/wp-content\/uploads\/2017\/03\/RealeAvintiaRcgMgp_2017_JOC0606.jpg\",\"contentUrl\":\"http:\/\/esponsorama.ad\/wp-content\/uploads\/2017\/03\/RealeAvintiaRcgMgp_2017_JOC0606.jpg\",\"width\":5184,\"height\":3456,\"caption\":\"Presentaci\u00f3n ESPONSORAMA MotoGP 2017; Circuito de Andorra\"},{\"@type\":\"BreadcrumbList\",\"@id\":\"http:\/\/esponsorama.ad\/es\/eventos\/#breadcrumb\",\"itemListElement\":[{\"@type\":\"ListItem\",\"position\":1,\"name\":\"Home\",\"item\":\"http:\/\/esponsorama.ad\/es\/\"},{\"@type\":\"ListItem\",\"position\":2,\"name\":\"Eventos\"}]},{\"@type\":\"WebSite\",\"@id\":\"http:\/\/esponsorama.ad\/es\/#website\",\"url\":\"http:\/\/esponsorama.ad\/es\/\",\"name\":\"Esponsorama\",\"description\":\"Specialist in motorsport sponsorship and event promotions\",\"potentialAction\":[{\"@type\":\"SearchAction\",\"target\":{\"@type\":\"EntryPoint\",\"urlTemplate\":\"http:\/\/esponsorama.ad\/es\/?s={search_term_string}\"},\"query-input\":{\"@type\":\"PropertyValueSpecification\",\"valueRequired\":true,\"valueName\":\"search_term_string\"}}],\"inLanguage\":\"it-IT\"}]}<\/script>\n<!-- \/ Yoast SEO plugin. -->","yoast_head_json":{"title":"Eventos - Esponsorama","robots":{"index":"index","follow":"follow","max-snippet":"max-snippet:-1","max-image-preview":"max-image-preview:large","max-video-preview":"max-video-preview:-1"},"canonical":"http:\/\/esponsorama.ad\/es\/eventos\/","og_locale":"it_IT","og_type":"article","og_title":"Eventos - Esponsorama","og_description":"Esponsorama tambi\u00e9n est\u00e1 especializada en la organizaci\u00f3n de eventos al m\u00e1s alto nivel. Entre los m\u00e1s destacados est\u00e1 Andorracing, un acto internacional que en 2016 sirvi\u00f3 como presentaci\u00f3n del equipo Avintia Racing en Andorra y que congreg\u00f3 invitados y prensa de todo el mundo. Con con las Ducati de MotoGP rodando por las pistas de [&hellip;]","og_url":"http:\/\/esponsorama.ad\/es\/eventos\/","og_site_name":"Esponsorama","article_modified_time":"2017-05-11T11:54:49+00:00","og_image":[{"width":1024,"height":683,"url":"http:\/\/esponsorama.ad\/wp-content\/uploads\/2017\/03\/RealeAvintiaRcgMgp_2017_JOC0606-1024x683.jpg","type":"image\/jpeg"}],"twitter_card":"summary_large_image","twitter_misc":{"Est. reading time":"3 minutes"},"schema":{"@context":"https:\/\/schema.org","@graph":[{"@type":"WebPage","@id":"http:\/\/esponsorama.ad\/es\/eventos\/","url":"http:\/\/esponsorama.ad\/es\/eventos\/","name":"Eventos - Esponsorama","isPartOf":{"@id":"http:\/\/esponsorama.ad\/es\/#website"},"primaryImageOfPage":{"@id":"http:\/\/esponsorama.ad\/es\/eventos\/#primaryimage"},"image":{"@id":"http:\/\/esponsorama.ad\/es\/eventos\/#primaryimage"},"thumbnailUrl":"http:\/\/esponsorama.ad\/wp-content\/uploads\/2017\/03\/RealeAvintiaRcgMgp_2017_JOC0606.jpg","datePublished":"2016-05-25T16:03:28+00:00","dateModified":"2017-05-11T11:54:49+00:00","breadcrumb":{"@id":"http:\/\/esponsorama.ad\/es\/eventos\/#breadcrumb"},"inLanguage":"it-IT","potentialAction":[{"@type":"ReadAction","target":["http:\/\/esponsorama.ad\/es\/eventos\/"]}]},{"@type":"ImageObject","inLanguage":"it-IT","@id":"http:\/\/esponsorama.ad\/es\/eventos\/#primaryimage","url":"http:\/\/esponsorama.ad\/wp-content\/uploads\/2017\/03\/RealeAvintiaRcgMgp_2017_JOC0606.jpg","contentUrl":"http:\/\/esponsorama.ad\/wp-content\/uploads\/2017\/03\/RealeAvintiaRcgMgp_2017_JOC0606.jpg","width":5184,"height":3456,"caption":"Presentaci\u00f3n ESPONSORAMA MotoGP 2017; Circuito de Andorra"},{"@type":"BreadcrumbList","@id":"http:\/\/esponsorama.ad\/es\/eventos\/#breadcrumb","itemListElement":[{"@type":"ListItem","position":1,"name":"Home","item":"http:\/\/esponsorama.ad\/es\/"},{"@type":"ListItem","position":2,"name":"Eventos"}]},{"@type":"WebSite","@id":"http:\/\/esponsorama.ad\/es\/#website","url":"http:\/\/esponsorama.ad\/es\/","name":"Esponsorama","description":"Specialist in motorsport sponsorship and event promotions","potentialAction":[{"@type":"SearchAction","target":{"@type":"EntryPoint","urlTemplate":"http:\/\/esponsorama.ad\/es\/?s={search_term_string}"},"query-input":{"@type":"PropertyValueSpecification","valueRequired":true,"valueName":"search_term_string"}}],"inLanguage":"it-IT"}]}},"_links":{"self":[{"href":"http:\/\/esponsorama.ad\/it\/wp-json\/wp\/v2\/pages\/80","targetHints":{"allow":["GET"]}}],"collection":[{"href":"http:\/\/esponsorama.ad\/it\/wp-json\/wp\/v2\/pages"}],"about":[{"href":"http:\/\/esponsorama.ad\/it\/wp-json\/wp\/v2\/types\/page"}],"author":[{"embeddable":true,"href":"http:\/\/esponsorama.ad\/it\/wp-json\/wp\/v2\/users\/6"}],"replies":[{"embeddable":true,"href":"http:\/\/esponsorama.ad\/it\/wp-json\/wp\/v2\/comments?post=80"}],"version-history":[{"count":0,"href":"http:\/\/esponsorama.ad\/it\/wp-json\/wp\/v2\/pages\/80\/revisions"}],"wp:featuredmedia":[{"embeddable":true,"href":"http:\/\/esponsorama.ad\/it\/wp-json\/wp\/v2\/media\/1734"}],"wp:attachment":[{"href":"http:\/\/esponsorama.ad\/it\/wp-json\/wp\/v2\/media?parent=80"}],"curies":[{"name":"wp","href":"https:\/\/api.w.org\/{rel}","templated":true}]}}